{"id":2070,"date":"2023-12-11T08:35:51","date_gmt":"2023-12-11T07:35:51","guid":{"rendered":"https:\/\/colmo-shop.com\/?post_type=product&#038;p=2070"},"modified":"2024-10-10T09:59:33","modified_gmt":"2024-10-10T07:59:33","slug":"black-thorn-krulcic-distillery","status":"publish","type":"product","link":"https:\/\/colmo-shop.com\/en\/product\/black-thorn-krulcic-distillery\/","title":{"rendered":"BLACK THORN, Krul\u010di\u0107 distillery"},"content":{"rendered":"","protected":false},"excerpt":{"rendered":"<div>Crni trn je specijalna rakija koja se prete\u017eno sprema u sredi\u0161njoj Istri.<\/div>\n<div>\n<p>Jedinstveni je proizvod na tr\u017ei\u0161tu te smo prvi ovu rakiju stavili na tr\u017ei\u0161te.<\/p>\n<p>Baza je destilat Malvazije istarske u kojoj se macerira plod trnine, tradicionalnih za\u010dina uz dodatak sladila i vina.<\/p>\n<p>Liker je intenzivnog mirisa i\u00a0 blago gorkast.<\/p>\n<p>Jakost 38%<\/p>\n<p>Temperatura poslu\u017eivanja 12\u00b0C<\/p>\n<\/div>\n","protected":false},"featured_media":2062,"template":"","meta":[],"product_brand":[],"product_cat":[67,160,242],"product_tag":[],"class_list":{"0":"post-2070","1":"product","2":"type-product","3":"status-publish","4":"has-post-thumbnail","6":"product_cat-brandy","7":"product_cat-liquor","8":"product_cat-rakije-i-likeri","10":"first","11":"instock","12":"shipping-taxable","13":"purchasable","14":"product-type-variable"},"jetpack_sharing_enabled":true,"_links":{"self":[{"href":"https:\/\/colmo-shop.com\/en\/wp-json\/wp\/v2\/product\/2070","targetHints":{"allow":["GET"]}}],"collection":[{"href":"https:\/\/colmo-shop.com\/en\/wp-json\/wp\/v2\/product"}],"about":[{"href":"https:\/\/colmo-shop.com\/en\/wp-json\/wp\/v2\/types\/product"}],"wp:featuredmedia":[{"embeddable":true,"href":"https:\/\/colmo-shop.com\/en\/wp-json\/wp\/v2\/media\/2062"}],"wp:attachment":[{"href":"https:\/\/colmo-shop.com\/en\/wp-json\/wp\/v2\/media?parent=2070"}],"wp:term":[{"taxonomy":"product_brand","embeddable":true,"href":"https:\/\/colmo-shop.com\/en\/wp-json\/wp\/v2\/product_brand?post=2070"},{"taxonomy":"product_cat","embeddable":true,"href":"https:\/\/colmo-shop.com\/en\/wp-json\/wp\/v2\/product_cat?post=2070"},{"taxonomy":"product_tag","embeddable":true,"href":"https:\/\/colmo-shop.com\/en\/wp-json\/wp\/v2\/product_tag?post=2070"}],"curies":[{"name":"wp","href":"https:\/\/api.w.org\/{rel}","templated":true}]}}