{"id":2059,"date":"2023-12-11T08:22:44","date_gmt":"2023-12-11T07:22:44","guid":{"rendered":"https:\/\/colmo-shop.com\/?post_type=product&#038;p=2059"},"modified":"2024-10-10T10:00:23","modified_gmt":"2024-10-10T08:00:23","slug":"terranino-krulcic-distillery","status":"publish","type":"product","link":"https:\/\/colmo-shop.com\/en\/product\/terranino-krulcic-distillery\/","title":{"rendered":"TERRANINO , Krul\u010di\u0107 distillery"},"content":{"rendered":"","protected":false},"excerpt":{"rendered":"<p>Liker terranino proizvodi se od vina Teran, maceracijom agruma, bobi\u010dastog vo\u0107a i tradiconalnih za\u010dina, dodavanjem komovica malvazije istarske zaokru\u017euje se ovaj tradiconalni liker spremljen po recepturi none Ane.<\/p>\n<p>Liker se proizvodi od 2007. godine te je obitelj Krul\u010di\u0107 jedna od prvih proizvo\u0111a\u010da ovog likera u Istri.<\/p>\n<p>Sastojci:<\/p>\n<p>crveno vino<\/p>\n<p>rakija komovica<\/p>\n<p>\u0161e\u0107er<\/p>\n<p>rum<\/p>\n<p>klin\u010di\u0107<\/p>\n<p>cimet<\/p>\n<p>aroma vo\u0107a<\/p>\n<p>Alkohol: 17 % vol.<\/p>\n<p>Temperatura poslu\u017eivanja 10-15\u00b0C<\/p>\n<p>Nagrade i priznanja: VINISTRA Gold Medal 2019.<\/p>\n","protected":false},"featured_media":2060,"template":"","meta":[],"product_brand":[],"product_cat":[67,160,242],"product_tag":[],"class_list":{"0":"post-2059","1":"product","2":"type-product","3":"status-publish","4":"has-post-thumbnail","6":"product_cat-brandy","7":"product_cat-liquor","8":"product_cat-rakije-i-likeri","10":"first","11":"instock","12":"shipping-taxable","13":"purchasable","14":"product-type-variable"},"jetpack_sharing_enabled":true,"_links":{"self":[{"href":"https:\/\/colmo-shop.com\/en\/wp-json\/wp\/v2\/product\/2059","targetHints":{"allow":["GET"]}}],"collection":[{"href":"https:\/\/colmo-shop.com\/en\/wp-json\/wp\/v2\/product"}],"about":[{"href":"https:\/\/colmo-shop.com\/en\/wp-json\/wp\/v2\/types\/product"}],"wp:featuredmedia":[{"embeddable":true,"href":"https:\/\/colmo-shop.com\/en\/wp-json\/wp\/v2\/media\/2060"}],"wp:attachment":[{"href":"https:\/\/colmo-shop.com\/en\/wp-json\/wp\/v2\/media?parent=2059"}],"wp:term":[{"taxonomy":"product_brand","embeddable":true,"href":"https:\/\/colmo-shop.com\/en\/wp-json\/wp\/v2\/product_brand?post=2059"},{"taxonomy":"product_cat","embeddable":true,"href":"https:\/\/colmo-shop.com\/en\/wp-json\/wp\/v2\/product_cat?post=2059"},{"taxonomy":"product_tag","embeddable":true,"href":"https:\/\/colmo-shop.com\/en\/wp-json\/wp\/v2\/product_tag?post=2059"}],"curies":[{"name":"wp","href":"https:\/\/api.w.org\/{rel}","templated":true}]}}