{"id":2026,"date":"2023-12-10T15:31:57","date_gmt":"2023-12-10T14:31:57","guid":{"rendered":"https:\/\/colmo-shop.com\/?post_type=product&#038;p=2026"},"modified":"2023-12-10T15:31:57","modified_gmt":"2023-12-10T14:31:57","slug":"sage-essential-oil","status":"publish","type":"product","link":"https:\/\/colmo-shop.com\/en\/product\/sage-essential-oil\/","title":{"rendered":"Sage &#8211; essential oil"},"content":{"rendered":"","protected":false},"excerpt":{"rendered":"<p>Ima  u\u010dinkovito djelovanje na afte i op\u0107enito na probleme usne \u0161upljine,<br \/>\n Kadulje je u recepturama mje\u0161avina protiv celulita, s obzirom da ima izra\u017eeno lipoliti\u010dko djelovanje.<\/p>\n","protected":false},"featured_media":2027,"template":"","meta":[],"product_brand":[],"product_cat":[247],"product_tag":[],"class_list":{"0":"post-2026","1":"product","2":"type-product","3":"status-publish","4":"has-post-thumbnail","6":"product_cat-etericna-ulja","8":"first","9":"instock","10":"shipping-taxable","11":"purchasable","12":"product-type-simple"},"jetpack_sharing_enabled":true,"_links":{"self":[{"href":"https:\/\/colmo-shop.com\/en\/wp-json\/wp\/v2\/product\/2026","targetHints":{"allow":["GET"]}}],"collection":[{"href":"https:\/\/colmo-shop.com\/en\/wp-json\/wp\/v2\/product"}],"about":[{"href":"https:\/\/colmo-shop.com\/en\/wp-json\/wp\/v2\/types\/product"}],"wp:featuredmedia":[{"embeddable":true,"href":"https:\/\/colmo-shop.com\/en\/wp-json\/wp\/v2\/media\/2027"}],"wp:attachment":[{"href":"https:\/\/colmo-shop.com\/en\/wp-json\/wp\/v2\/media?parent=2026"}],"wp:term":[{"taxonomy":"product_brand","embeddable":true,"href":"https:\/\/colmo-shop.com\/en\/wp-json\/wp\/v2\/product_brand?post=2026"},{"taxonomy":"product_cat","embeddable":true,"href":"https:\/\/colmo-shop.com\/en\/wp-json\/wp\/v2\/product_cat?post=2026"},{"taxonomy":"product_tag","embeddable":true,"href":"https:\/\/colmo-shop.com\/en\/wp-json\/wp\/v2\/product_tag?post=2026"}],"curies":[{"name":"wp","href":"https:\/\/api.w.org\/{rel}","templated":true}]}}