{"id":2016,"date":"2023-12-10T15:14:03","date_gmt":"2023-12-10T14:14:03","guid":{"rendered":"https:\/\/colmo-shop.com\/?post_type=product&#038;p=2016"},"modified":"2023-12-10T15:14:03","modified_gmt":"2023-12-10T14:14:03","slug":"kontra-kolpo-beer","status":"publish","type":"product","link":"https:\/\/colmo-shop.com\/en\/product\/kontra-kolpo-beer\/","title":{"rendered":"Kontra Kolpo beer"},"content":{"rendered":"","protected":false},"excerpt":{"rendered":"<p>Nefiltrirano, nepasterizirano tamno ale pivo.<br \/>\nPivo koje na prvu obljubljuje nepce svojom karamelnom sladno\u0161\u0107u a zatim, sasvim neo\u010dekivano, udara valom gor\u010dine.<br \/>\nRekli bi gorka karamela.<\/p>\n","protected":false},"featured_media":2010,"template":"","meta":[],"product_brand":[],"product_cat":[68],"product_tag":[],"class_list":{"0":"post-2016","1":"product","2":"type-product","3":"status-publish","4":"has-post-thumbnail","6":"product_cat-beer","8":"first","9":"instock","10":"shipping-taxable","11":"purchasable","12":"product-type-simple"},"jetpack_sharing_enabled":true,"_links":{"self":[{"href":"https:\/\/colmo-shop.com\/en\/wp-json\/wp\/v2\/product\/2016","targetHints":{"allow":["GET"]}}],"collection":[{"href":"https:\/\/colmo-shop.com\/en\/wp-json\/wp\/v2\/product"}],"about":[{"href":"https:\/\/colmo-shop.com\/en\/wp-json\/wp\/v2\/types\/product"}],"wp:featuredmedia":[{"embeddable":true,"href":"https:\/\/colmo-shop.com\/en\/wp-json\/wp\/v2\/media\/2010"}],"wp:attachment":[{"href":"https:\/\/colmo-shop.com\/en\/wp-json\/wp\/v2\/media?parent=2016"}],"wp:term":[{"taxonomy":"product_brand","embeddable":true,"href":"https:\/\/colmo-shop.com\/en\/wp-json\/wp\/v2\/product_brand?post=2016"},{"taxonomy":"product_cat","embeddable":true,"href":"https:\/\/colmo-shop.com\/en\/wp-json\/wp\/v2\/product_cat?post=2016"},{"taxonomy":"product_tag","embeddable":true,"href":"https:\/\/colmo-shop.com\/en\/wp-json\/wp\/v2\/product_tag?post=2016"}],"curies":[{"name":"wp","href":"https:\/\/api.w.org\/{rel}","templated":true}]}}