{"id":2014,"date":"2023-12-10T14:50:26","date_gmt":"2023-12-10T13:50:26","guid":{"rendered":"https:\/\/colmo-shop.com\/?post_type=product&#038;p=2014"},"modified":"2023-12-10T16:22:39","modified_gmt":"2023-12-10T15:22:39","slug":"2014","status":"publish","type":"product","link":"https:\/\/colmo-shop.com\/en\/product\/2014\/","title":{"rendered":"Red Ho beer"},"content":{"rendered":"","protected":false},"excerpt":{"rendered":"<p>Nefiltrirano, nepasterizirano crveno ale pivo.<br \/>\nAmeri\u010dka crvena IPA bar\u0161unastog tijela sa karaktersi\u010dnom aromom Sorachi Ace hmelja.<\/p>\n","protected":false},"featured_media":2012,"template":"","meta":[],"product_brand":[],"product_cat":[68],"product_tag":[],"class_list":{"0":"post-2014","1":"product","2":"type-product","3":"status-publish","4":"has-post-thumbnail","6":"product_cat-beer","8":"first","9":"instock","10":"shipping-taxable","11":"purchasable","12":"product-type-simple"},"jetpack_sharing_enabled":true,"_links":{"self":[{"href":"https:\/\/colmo-shop.com\/en\/wp-json\/wp\/v2\/product\/2014","targetHints":{"allow":["GET"]}}],"collection":[{"href":"https:\/\/colmo-shop.com\/en\/wp-json\/wp\/v2\/product"}],"about":[{"href":"https:\/\/colmo-shop.com\/en\/wp-json\/wp\/v2\/types\/product"}],"wp:featuredmedia":[{"embeddable":true,"href":"https:\/\/colmo-shop.com\/en\/wp-json\/wp\/v2\/media\/2012"}],"wp:attachment":[{"href":"https:\/\/colmo-shop.com\/en\/wp-json\/wp\/v2\/media?parent=2014"}],"wp:term":[{"taxonomy":"product_brand","embeddable":true,"href":"https:\/\/colmo-shop.com\/en\/wp-json\/wp\/v2\/product_brand?post=2014"},{"taxonomy":"product_cat","embeddable":true,"href":"https:\/\/colmo-shop.com\/en\/wp-json\/wp\/v2\/product_cat?post=2014"},{"taxonomy":"product_tag","embeddable":true,"href":"https:\/\/colmo-shop.com\/en\/wp-json\/wp\/v2\/product_tag?post=2014"}],"curies":[{"name":"wp","href":"https:\/\/api.w.org\/{rel}","templated":true}]}}