{"id":1998,"date":"2023-12-10T14:45:38","date_gmt":"2023-12-10T13:45:38","guid":{"rendered":"https:\/\/colmo-shop.com\/?post_type=product&#038;p=1998"},"modified":"2023-12-10T14:46:53","modified_gmt":"2023-12-10T13:46:53","slug":"craft-beer-bruman-6-pack-mix","status":"publish","type":"product","link":"https:\/\/colmo-shop.com\/en\/product\/craft-beer-bruman-6-pack-mix\/","title":{"rendered":"Craft beer Bruman &#8211; 6 pack mix"},"content":{"rendered":"","protected":false},"excerpt":{"rendered":"<p>Mix karton na\u0161ih piva, jedna od svake vrste. Druga\u010dije kombinacije mo\u017eete sastaviti kroz zasebno ubacivanje u ko\u0161aricu.<\/p>\n","protected":false},"featured_media":2009,"template":"","meta":[],"product_brand":[],"product_cat":[68],"product_tag":[],"class_list":{"0":"post-1998","1":"product","2":"type-product","3":"status-publish","4":"has-post-thumbnail","6":"product_cat-beer","8":"first","9":"instock","10":"shipping-taxable","11":"purchasable","12":"product-type-simple"},"jetpack_sharing_enabled":true,"_links":{"self":[{"href":"https:\/\/colmo-shop.com\/en\/wp-json\/wp\/v2\/product\/1998","targetHints":{"allow":["GET"]}}],"collection":[{"href":"https:\/\/colmo-shop.com\/en\/wp-json\/wp\/v2\/product"}],"about":[{"href":"https:\/\/colmo-shop.com\/en\/wp-json\/wp\/v2\/types\/product"}],"wp:featuredmedia":[{"embeddable":true,"href":"https:\/\/colmo-shop.com\/en\/wp-json\/wp\/v2\/media\/2009"}],"wp:attachment":[{"href":"https:\/\/colmo-shop.com\/en\/wp-json\/wp\/v2\/media?parent=1998"}],"wp:term":[{"taxonomy":"product_brand","embeddable":true,"href":"https:\/\/colmo-shop.com\/en\/wp-json\/wp\/v2\/product_brand?post=1998"},{"taxonomy":"product_cat","embeddable":true,"href":"https:\/\/colmo-shop.com\/en\/wp-json\/wp\/v2\/product_cat?post=1998"},{"taxonomy":"product_tag","embeddable":true,"href":"https:\/\/colmo-shop.com\/en\/wp-json\/wp\/v2\/product_tag?post=1998"}],"curies":[{"name":"wp","href":"https:\/\/api.w.org\/{rel}","templated":true}]}}