{"id":1880,"date":"2023-12-10T10:59:11","date_gmt":"2023-12-10T09:59:11","guid":{"rendered":"https:\/\/colmo-shop.com\/?post_type=product&#038;p=1880"},"modified":"2023-12-10T10:59:11","modified_gmt":"2023-12-10T09:59:11","slug":"wild-boar-salami-with-truffles","status":"publish","type":"product","link":"https:\/\/colmo-shop.com\/en\/product\/wild-boar-salami-with-truffles\/","title":{"rendered":"Wild boar salami with truffles"},"content":{"rendered":"","protected":false},"excerpt":{"rendered":"<div class=\"woocommerce-product-details__short-description\">\n<p>Salamin od mesa divlje svinje odlikuje se ni\u017eim udjelom masno\u0107a, a njihova specifi\u010dna prehrana daje mesu poseban okus i aromu. Salamin od svje\u017eeg mesa divlje svinje specifi\u010dnog je okusa s nagla\u0161enim notama divlja\u010di. U kombinaciji s\u00a0<strong>tartufima<\/strong>\u00a0\u010dini vrhunsku deliciju na Va\u0161em stolu.<\/p>\n<\/div>\n<div class=\"size-guide\"><\/div>\n<div class=\"quantity\"><label class=\"screen-reader-text\" for=\"quantity_65758b0815ed3\">SALAMIN OD DIVLJE SVINJE S TARTUFIMA koli\u010dina<\/label><\/div>\n<p><button class=\"single_add_to_cart_button button alt\" name=\"add-to-cart\" type=\"submit\" value=\"7276\"><\/button><\/p>\n","protected":false},"featured_media":1883,"template":"","meta":[],"product_brand":[],"product_cat":[110,76,66],"product_tag":[],"class_list":{"0":"post-1880","1":"product","2":"type-product","3":"status-publish","4":"has-post-thumbnail","6":"product_cat-gastro","7":"product_cat-salami","8":"product_cat-truffles","10":"first","11":"instock","12":"shipping-taxable","13":"purchasable","14":"product-type-simple"},"jetpack_sharing_enabled":true,"_links":{"self":[{"href":"https:\/\/colmo-shop.com\/en\/wp-json\/wp\/v2\/product\/1880","targetHints":{"allow":["GET"]}}],"collection":[{"href":"https:\/\/colmo-shop.com\/en\/wp-json\/wp\/v2\/product"}],"about":[{"href":"https:\/\/colmo-shop.com\/en\/wp-json\/wp\/v2\/types\/product"}],"wp:featuredmedia":[{"embeddable":true,"href":"https:\/\/colmo-shop.com\/en\/wp-json\/wp\/v2\/media\/1883"}],"wp:attachment":[{"href":"https:\/\/colmo-shop.com\/en\/wp-json\/wp\/v2\/media?parent=1880"}],"wp:term":[{"taxonomy":"product_brand","embeddable":true,"href":"https:\/\/colmo-shop.com\/en\/wp-json\/wp\/v2\/product_brand?post=1880"},{"taxonomy":"product_cat","embeddable":true,"href":"https:\/\/colmo-shop.com\/en\/wp-json\/wp\/v2\/product_cat?post=1880"},{"taxonomy":"product_tag","embeddable":true,"href":"https:\/\/colmo-shop.com\/en\/wp-json\/wp\/v2\/product_tag?post=1880"}],"curies":[{"name":"wp","href":"https:\/\/api.w.org\/{rel}","templated":true}]}}